{"id":1632,"date":"2024-01-12T11:56:02","date_gmt":"2024-01-12T10:56:02","guid":{"rendered":"https:\/\/marinelefevre.com\/dien-chan\/"},"modified":"2024-03-21T09:41:45","modified_gmt":"2024-03-21T08:41:45","slug":"dien-chan","status":"publish","type":"page","link":"https:\/\/marinelefevre.com\/es\/dien-chan\/","title":{"rendered":"Dien Chan"},"content":{"rendered":"<p><div class=\"fusion-fullwidth fullwidth-box fusion-builder-row-1 fusion-flex-container has-pattern-background has-mask-background hundred-percent-fullwidth non-hundred-percent-height-scrolling\" style=\"--awb-background-position:left top;--awb-border-sizes-top:0px;--awb-border-sizes-bottom:0px;--awb-border-sizes-left:0px;--awb-border-sizes-right:0px;--awb-border-radius-top-left:0px;--awb-border-radius-top-right:0px;--awb-border-radius-bottom-right:0px;--awb-border-radius-bottom-left:0px;--awb-padding-top:0px;--awb-padding-right:0px;--awb-padding-bottom:0px;--awb-padding-left:0px;--awb-flex-wrap:nowrap;\" ><div class=\"fusion-builder-row fusion-row fusion-flex-align-items-stretch fusion-flex-content-wrap\" style=\"width:calc( 100% + 0px ) !important;max-width:calc( 100% + 0px ) !important;margin-left: calc(-0px \/ 2 );margin-right: calc(-0px \/ 2 );\"><div class=\"fusion-layout-column fusion_builder_column fusion-builder-column-0 fusion_builder_column_1_2 1_2 fusion-flex-column\" style=\"--awb-padding-top:80px;--awb-padding-right:10%;--awb-padding-bottom:70px;--awb-padding-left:10%;--awb-bg-size:cover;--awb-width-large:50%;--awb-margin-top-large:0px;--awb-spacing-right-large:0px;--awb-margin-bottom-large:0px;--awb-spacing-left-large:0px;--awb-width-medium:60%;--awb-spacing-right-medium:0px;--awb-spacing-left-medium:0px;--awb-width-small:100%;--awb-spacing-right-small:0px;--awb-spacing-left-small:0px;\"><div class=\"fusion-column-wrapper fusion-flex-justify-content-flex-start fusion-content-layout-column\"><div class=\"fusion-title title fusion-title-1 fusion-sep-none fusion-title-text fusion-title-size-one\" style=\"--awb-text-color:var(--awb-color6);--awb-margin-bottom:10px;--awb-font-size:35px;\"><h1 class=\"fusion-title-heading title-heading-left fusion-responsive-typography-calculated\" style=\"margin:0;font-size:1em;--fontSize:35;line-height:var(--awb-typography1-line-height);\">Dien Chan<\/h1><\/div><div class=\"fusion-separator fusion-has-icon fusion-full-width-sep\" style=\"align-self: flex-start;margin-right:auto;margin-top:1%;margin-bottom:1%;width:100%;max-width:100%;\"><div class=\"fusion-separator-border sep-single sep-solid\" style=\"--awb-height:20px;--awb-amount:20px;--awb-sep-color:var(--awb-color5);border-color:var(--awb-color5);border-top-width:1px;\"><\/div><span class=\"icon-wrapper\" style=\"border-color:var(--awb-color5);background-color:rgba(255,255,255,0);font-size:15px;width: 1.75em; height: 1.75em;border-width:1px;padding:1px;margin-top:-0.5px\"><i class=\"fa-angle-down fas\" style=\"font-size: inherit;color:var(--awb-color5);\" aria-hidden=\"true\"><\/i><\/span><div class=\"fusion-separator-border sep-single sep-solid\" style=\"--awb-height:20px;--awb-amount:20px;--awb-sep-color:var(--awb-color5);border-color:var(--awb-color5);border-top-width:1px;\"><\/div><\/div><div class=\"fusion-text fusion-text-1\"><p>DIEN CHAN es un masaje facial que estimula los puntos clave del rostro, una forma de reflexolog\u00eda facial.<br \/>\nEs posible estimular la cara con herramientas que utilizan patrones de reflexi\u00f3n que reflejan todo el cuerpo en la cara.<br \/>\nEste masaje fomentar\u00e1 la autorregulaci\u00f3n y los procesos naturales.<\/p>\n<p>El rostro es una zona muy vascularizada, y este masaje har\u00e1 que todo vuelva a fluir. Las sesiones son breves y proporcionan un alivio casi inmediato del dolor.<\/p>\n<\/div><div class=\"fusion-separator fusion-full-width-sep\" style=\"align-self: center;margin-left: auto;margin-right: auto;margin-top:10px;width:100%;\"><\/div><div class=\"fusion-text fusion-text-2\" style=\"--awb-text-color:var(--awb-color6);\"><p>DIEN CHAN tiene una amplia gama de aplicaciones, pero esta t\u00e9cnica es especialmente adecuada para :<\/p>\n<\/div><ul style=\"--awb-size:14px;--awb-iconcolor:var(--awb-color8);--awb-line-height:23.8px;--awb-icon-width:23.8px;--awb-icon-height:23.8px;--awb-icon-margin:9.8px;--awb-content-margin:33.6px;\" class=\"fusion-checklist fusion-checklist-1 fusion-checklist-default type-icons\"><li class=\"fusion-li-item\" style=\"\"><span class=\"icon-wrapper circle-no\"><i class=\"fusion-li-icon fa-angle-right fas\" aria-hidden=\"true\"><\/i><\/span><div class=\"fusion-li-item-content\">Ayuda para el tratamiento del dolor<\/div><\/li><li class=\"fusion-li-item\" style=\"\"><span class=\"icon-wrapper circle-no\"><i class=\"fusion-li-icon fa-angle-right fas\" aria-hidden=\"true\"><\/i><\/span><div class=\"fusion-li-item-content\">Ayuda con tratamientos sintom\u00e1ticos.<\/div><\/li><\/ul><div class=\"fusion-separator fusion-full-width-sep\" style=\"align-self: center;margin-left: auto;margin-right: auto;margin-top:10px;width:100%;\"><\/div><div class=\"fusion-text fusion-text-3\" style=\"--awb-text-color:var(--awb-color6);\"><p>Los beneficios del masaje DIEN CHAN :<\/p>\n<\/div><ul style=\"--awb-size:14px;--awb-iconcolor:var(--awb-color8);--awb-line-height:23.8px;--awb-icon-width:23.8px;--awb-icon-height:23.8px;--awb-icon-margin:9.8px;--awb-content-margin:33.6px;\" class=\"fusion-checklist fusion-checklist-2 fusion-checklist-default type-icons\"><li class=\"fusion-li-item\" style=\"\"><span class=\"icon-wrapper circle-no\"><i class=\"fusion-li-icon fa-angle-right fas\" aria-hidden=\"true\"><\/i><\/span><div class=\"fusion-li-item-content\">Para dolores musculares, articulares, de ligamentos, tendones y nervios<\/div><\/li><li class=\"fusion-li-item\" style=\"\"><span class=\"icon-wrapper circle-no\"><i class=\"fusion-li-icon fa-angle-right fas\" aria-hidden=\"true\"><\/i><\/span><div class=\"fusion-li-item-content\">Trastornos del sistema nervioso como insomnio, ansiedad, irritabilidad, estr\u00e9s, sinusitis, dolores de cabeza y depresi\u00f3n.<\/div><\/li><li class=\"fusion-li-item\" style=\"\"><span class=\"icon-wrapper circle-no\"><i class=\"fusion-li-icon fa-angle-right fas\" aria-hidden=\"true\"><\/i><\/span><div class=\"fusion-li-item-content\">Para problemas energ\u00e9ticos como fatiga y problemas emocionales.<\/div><\/li><li class=\"fusion-li-item\" style=\"\"><span class=\"icon-wrapper circle-no\"><i class=\"fusion-li-icon fa-angle-right fas\" aria-hidden=\"true\"><\/i><\/span><div class=\"fusion-li-item-content\">Trastornos digestivos: colitis, estre\u00f1imiento, diarrea, retenci\u00f3n de l\u00edquidos.<\/div><\/li><li class=\"fusion-li-item\" style=\"\"><span class=\"icon-wrapper circle-no\"><i class=\"fusion-li-icon fa-angle-right fas\" aria-hidden=\"true\"><\/i><\/span><div class=\"fusion-li-item-content\">Problemas diversos como trastornos hormonales, problemas respiratorios (bronquitis, asma, tos, resfriados&#8230;.), alergias, trastornos alimentarios, hipotensi\u00f3n, hipertensi\u00f3n, mareos, etc&#8230;<\/div><\/li><\/ul><\/div><\/div><div class=\"fusion-layout-column fusion_builder_column fusion-builder-column-1 fusion_builder_column_1_2 1_2 fusion-flex-column fusion-animated\" style=\"--awb-bg-position:center center;--awb-bg-size:cover;--awb-width-large:50%;--awb-margin-top-large:0px;--awb-spacing-right-large:0px;--awb-margin-bottom-large:0px;--awb-spacing-left-large:0px;--awb-width-medium:40%;--awb-order-medium:0;--awb-spacing-right-medium:0px;--awb-spacing-left-medium:0px;--awb-width-small:100%;--awb-order-small:0;--awb-spacing-right-small:0px;--awb-spacing-left-small:0px;\" data-animationType=\"fadeInLeft\" data-animationDuration=\"0.6\" data-animationOffset=\"top-into-view\" data-scroll-devices=\"small-visibility,medium-visibility,large-visibility\"><div class=\"fusion-column-wrapper lazyload fusion-column-has-shadow fusion-flex-justify-content-flex-start fusion-content-layout-column fusion-empty-column-bg-image fusion-column-has-bg-image\" data-bg-url=\"http:\/\/hector-conseil.com\/wp-content\/uploads\/2024\/01\/WhatsApp-Image-2024-01-01-a-22.53.17_e44d96bb-200x300.jpg\" data-bg=\"http:\/\/hector-conseil.com\/wp-content\/uploads\/2024\/01\/WhatsApp-Image-2024-01-01-a-22.53.17_e44d96bb-200x300.jpg\"><img decoding=\"async\" class=\"fusion-empty-dims-img-placeholder fusion-no-large-visibility fusion-no-medium-visibility\" src=\"data:image\/gif;base64,R0lGODlhAQABAAAAACH5BAEKAAEALAAAAAABAAEAAAICTAEAOw==\"><\/div><\/div><\/div><\/div><div id=\"abajo\" class=\"fusion-container-anchor\"><div class=\"fusion-fullwidth fullwidth-box fusion-builder-row-2 fusion-flex-container has-pattern-background has-mask-background nonhundred-percent-fullwidth non-hundred-percent-height-scrolling\" style=\"--awb-border-radius-top-left:0px;--awb-border-radius-top-right:0px;--awb-border-radius-bottom-right:0px;--awb-border-radius-bottom-left:0px;--awb-padding-top:60px;--awb-padding-bottom:60px;--awb-padding-top-medium:70px;--awb-padding-bottom-medium:70px;--awb-margin-bottom:0px;--awb-background-color:#fffaf0;--awb-flex-wrap:wrap;\" ><div class=\"fusion-builder-row fusion-row fusion-flex-align-items-center fusion-flex-content-wrap\" style=\"max-width:1185.6px;margin-left: calc(-4% \/ 2 );margin-right: calc(-4% \/ 2 );\"><div class=\"fusion-layout-column fusion_builder_column fusion-builder-column-2 fusion-flex-column fusion-animated\" style=\"--awb-padding-left-medium:40px;--awb-bg-size:cover;--awb-width-large:47%;--awb-margin-top-large:0px;--awb-spacing-right-large:14.297872340426%;--awb-margin-bottom-large:0px;--awb-spacing-left-large:4.0851063829787%;--awb-width-medium:100%;--awb-order-medium:0;--awb-spacing-right-medium:1.92%;--awb-spacing-left-medium:1.92%;--awb-width-small:100%;--awb-order-small:1;--awb-spacing-right-small:1.92%;--awb-margin-bottom-small:50px;--awb-spacing-left-small:1.92%;\" data-animationType=\"fadeInUp\" data-animationDuration=\"1.3\" data-animationOffset=\"top-into-view\"><div class=\"fusion-column-wrapper fusion-column-has-shadow fusion-flex-justify-content-flex-start fusion-content-layout-column\"><div class=\"fusion-title title fusion-title-2 fusion-no-small-visibility fusion-no-medium-visibility fusion-sep-none fusion-title-text fusion-title-size-two\" style=\"--awb-text-color:var(--awb-color8);--awb-margin-bottom:10px;--awb-font-size:17px;\"><h2 class=\"fusion-title-heading title-heading-left fusion-responsive-typography-calculated\" style=\"margin:0;font-size:1em;--fontSize:17;--minFontSize:17;line-height:var(--awb-typography1-line-height);\"><strong>\u00bfC\u00d3MO FUNCIONA UNA SESI\u00d3N DE DIEN CHAN?  <\/strong><\/h2><\/div><div class=\"fusion-separator fusion-has-icon fusion-full-width-sep\" style=\"align-self: flex-start;margin-right:auto;margin-top:0px;margin-bottom:1%;width:100%;max-width:100%;\"><div class=\"fusion-separator-border sep-single sep-solid\" style=\"--awb-height:20px;--awb-amount:20px;--awb-sep-color:#ffe4e1;border-color:#ffe4e1;border-top-width:1px;\"><\/div><span class=\"icon-wrapper\" style=\"border-color:#ffe4e1;background-color:rgba(255,255,255,0);font-size:15px;width: 1.75em; height: 1.75em;border-width:1px;padding:1px;margin-top:-0.5px\"><i class=\"fa-angle-down fas\" style=\"font-size: inherit;color:#ffe4e1;\" aria-hidden=\"true\"><\/i><\/span><div class=\"fusion-separator-border sep-single sep-solid\" style=\"--awb-height:20px;--awb-amount:20px;--awb-sep-color:#ffe4e1;border-color:#ffe4e1;border-top-width:1px;\"><\/div><\/div><div class=\"fusion-text fusion-text-4\" style=\"--awb-text-color:var(--awb-color8);\"><p>El Dien Chan se practica SIN AGUJAS, utilizando herramientas espec\u00edficas dise\u00f1adas y perfeccionadas por el profesor Bui Quoc Chau, sobre una persona vestida y en posici\u00f3n sentada.<\/p>\n<p>Por lo general, la sesi\u00f3n comienza con la estimulaci\u00f3n de zonas reflejas mediante herramientas espec\u00edficas. A continuaci\u00f3n, se estimulan puntos fijos seg\u00fan el protocolo de tratamiento para reforzar el trabajo sobre los patrones de pensamiento.<\/p>\n<p>Si no hay alergia a las tiritas, el alcanfor, el mentol y los aceites esenciales, se aplicar\u00e1n parches t\u00e9rmicos en cada punto para optimizar los resultados de la sesi\u00f3n.<\/p>\n<p>Durante una sesi\u00f3n de Dien Chan, existe un di\u00e1logo continuo entre el cliente y el profesional. Cada vez que se estimula una zona refleja, se solicitan inmediatamente las sensaciones del cliente para que el profesional pueda adaptar su trabajo.<\/p>\n<\/div><\/div><\/div><div class=\"fusion-layout-column fusion_builder_column fusion-builder-column-3 fusion-flex-column\" style=\"--awb-padding-right-medium:40px;--awb-padding-right-small:110px;--awb-padding-left-small:0px;--awb-bg-size:cover;--awb-width-large:53%;--awb-margin-top-large:0px;--awb-spacing-right-large:3.622641509434%;--awb-margin-bottom-large:0px;--awb-spacing-left-large:0%;--awb-width-medium:100%;--awb-order-medium:0;--awb-spacing-right-medium:1.92%;--awb-spacing-left-medium:1.92%;--awb-width-small:100%;--awb-order-small:0;--awb-spacing-right-small:1.92%;--awb-margin-bottom-small:95px;--awb-spacing-left-small:1.92%;\"><div class=\"fusion-column-wrapper fusion-column-has-shadow fusion-flex-justify-content-flex-start fusion-content-layout-column\"><div class=\"fusion-builder-row fusion-builder-row-inner fusion-row fusion-flex-align-items-center fusion-flex-content-wrap\" style=\"width:104% !important;max-width:104% !important;margin-left: calc(-4% \/ 2 );margin-right: calc(-4% \/ 2 );\"><div class=\"fusion-layout-column fusion_builder_column_inner fusion-builder-nested-column-0 fusion_builder_column_inner_1_2 1_2 fusion-flex-column\" style=\"--awb-z-index:9;--awb-bg-size:cover;--awb-transform:translateX(100px) translateY(61px);--awb-transform-hover:translateX(100px) translateY(61px);--awb-width-large:50%;--awb-margin-top-large:0px;--awb-spacing-right-large:3.84%;--awb-margin-bottom-large:0px;--awb-spacing-left-large:3.84%;--awb-width-medium:100%;--awb-order-medium:0;--awb-spacing-right-medium:1.92%;--awb-spacing-left-medium:1.92%;--awb-width-small:50%;--awb-order-small:0;--awb-spacing-right-small:3.84%;--awb-spacing-left-small:3.84%;\" data-motion-effects=\"[{&quot;type&quot;:&quot;scroll&quot;},{&quot;type&quot;:&quot;scroll&quot;,&quot;scroll_type&quot;:&quot;rotate&quot;,&quot;end_rotate&quot;:&quot;-5&quot;}]\" data-scroll-devices=\"medium-visibility,large-visibility\"><div class=\"fusion-column-wrapper fusion-column-has-shadow fusion-flex-justify-content-flex-start fusion-content-layout-column\"><div class=\"fusion-image-element \" style=\"--awb-aspect-ratio: 100 \/ 134;--awb-mask-url: url(https:\/\/marinelefevre.com\/wp-content\/plugins\/fusion-builder\/\/assets\/images\/masks\/mask-4.svg);--awb-caption-title-font-family:var(--h2_typography-font-family);--awb-caption-title-font-weight:var(--h2_typography-font-weight);--awb-caption-title-font-style:var(--h2_typography-font-style);--awb-caption-title-size:var(--h2_typography-font-size);--awb-caption-title-transform:var(--h2_typography-text-transform);--awb-caption-title-line-height:var(--h2_typography-line-height);--awb-caption-title-letter-spacing:var(--h2_typography-letter-spacing);\"><span class=\" fusion-imageframe imageframe-none imageframe-1 hover-type-none has-mask has-aspect-ratio\"><img decoding=\"async\" src=\"data:image\/gif;base64,R0lGODlhAQABAAAAACH5BAEKAAEALAAAAAABAAEAAAICTAEAOw==\" data-orig-src=\"http:\/\/hector-conseil.com\/wp-content\/uploads\/2024\/01\/0024f8_4b5ce37a0100441895cb0212d2eb4cf9mv2-256x300.webp\" class=\"lazyload img-responsive img-with-aspect-ratio\" data-parent-fit=\"cover\" data-parent-container=\".fusion-image-element\" alt \/><\/span><\/div><\/div><\/div><div class=\"fusion-layout-column fusion_builder_column_inner fusion-builder-nested-column-1 fusion_builder_column_inner_1_2 1_2 fusion-flex-column\" style=\"--awb-bg-size:cover;--awb-width-large:50%;--awb-margin-top-large:0px;--awb-spacing-right-large:3.84%;--awb-margin-bottom-large:0px;--awb-spacing-left-large:3.84%;--awb-width-medium:100%;--awb-order-medium:0;--awb-spacing-right-medium:1.92%;--awb-spacing-left-medium:1.92%;--awb-width-small:50%;--awb-order-small:0;--awb-spacing-right-small:3.84%;--awb-spacing-left-small:3.84%;\" data-motion-effects=\"[{&quot;type&quot;:&quot;scroll&quot;,&quot;scroll_direction&quot;:&quot;down&quot;},{&quot;type&quot;:&quot;scroll&quot;,&quot;scroll_type&quot;:&quot;rotate&quot;,&quot;end_rotate&quot;:&quot;5&quot;}]\" data-scroll-devices=\"medium-visibility,large-visibility\"><div class=\"fusion-column-wrapper fusion-column-has-shadow fusion-flex-justify-content-flex-start fusion-content-layout-column\"><div class=\"fusion-image-element \" style=\"--awb-aspect-ratio: 100 \/ 134;--awb-mask-url: url(https:\/\/marinelefevre.com\/wp-content\/plugins\/fusion-builder\/\/assets\/images\/masks\/mask-4.svg);--awb-caption-title-font-family:var(--h2_typography-font-family);--awb-caption-title-font-weight:var(--h2_typography-font-weight);--awb-caption-title-font-style:var(--h2_typography-font-style);--awb-caption-title-size:var(--h2_typography-font-size);--awb-caption-title-transform:var(--h2_typography-text-transform);--awb-caption-title-line-height:var(--h2_typography-line-height);--awb-caption-title-letter-spacing:var(--h2_typography-letter-spacing);\"><span class=\" fusion-imageframe imageframe-none imageframe-2 hover-type-none has-mask has-aspect-ratio\"><img decoding=\"async\" src=\"data:image\/gif;base64,R0lGODlhAQABAAAAACH5BAEKAAEALAAAAAABAAEAAAICTAEAOw==\" data-orig-src=\"http:\/\/hector-conseil.com\/wp-content\/uploads\/2024\/01\/WhatsApp-Image-2024-01-01-a-20.32.43_035f3dff-200x300.jpg\" class=\"lazyload img-responsive img-with-aspect-ratio\" data-parent-fit=\"cover\" data-parent-container=\".fusion-image-element\" alt \/><\/span><\/div><\/div><\/div><\/div><\/div><\/div><div class=\"fusion-layout-column fusion_builder_column fusion-builder-column-4 fusion_builder_column_1_1 1_1 fusion-flex-column\" style=\"--awb-bg-size:cover;--awb-width-large:100%;--awb-margin-top-large:0px;--awb-spacing-right-large:1.92%;--awb-margin-bottom-large:0px;--awb-spacing-left-large:1.92%;--awb-width-medium:100%;--awb-order-medium:0;--awb-spacing-right-medium:1.92%;--awb-spacing-left-medium:1.92%;--awb-width-small:100%;--awb-order-small:0;--awb-spacing-right-small:1.92%;--awb-spacing-left-small:1.92%;\"><div class=\"fusion-column-wrapper fusion-column-has-shadow fusion-flex-justify-content-flex-start fusion-content-layout-column\"><div class=\"fusion-text fusion-text-5\" style=\"--awb-text-color:var(--awb-color8);\"><p style=\"text-align: center;\">El Dien Chan no sustituye la visita al m\u00e9dico, sino que es una t\u00e9cnica que complementa la medicina convencional, pero en ning\u00fan caso la reemplaza.<\/p>\n<\/div><\/div><\/div><\/div><\/div><\/div><div class=\"fusion-bg-parallax\" data-bg-align=\"left top\" data-direction=\"up\" data-mute=\"false\" data-opacity=\"100\" data-velocity=\"-0.2\" data-mobile-enabled=\"false\" data-break_parents=\"0\" data-bg-image=\"http:\/\/hector-conseil.com\/wp-content\/uploads\/2018\/06\/ptb_cta-new.jpg\" data-bg-repeat=\"false\" data-bg-color=\"var(--awb-color7)\" ><\/div><div class=\"fusion-fullwidth fullwidth-box fusion-builder-row-3 fusion-flex-container fusion-parallax-up nonhundred-percent-fullwidth non-hundred-percent-height-scrolling lazyload\" style=\"--awb-background-position:left top;--awb-border-sizes-top:0px;--awb-border-sizes-bottom:0px;--awb-border-sizes-left:0px;--awb-border-sizes-right:0px;--awb-border-radius-top-left:0px;--awb-border-radius-top-right:0px;--awb-border-radius-bottom-right:0px;--awb-border-radius-bottom-left:0px;--awb-padding-top:100px;--awb-padding-bottom:85px;--awb-background-color:var(--awb-color7);--awb-background-size:cover;--awb-flex-wrap:wrap;\" data-bg=\"http:\/\/hector-conseil.com\/wp-content\/uploads\/2018\/06\/ptb_cta-new.jpg\" ><div class=\"fusion-builder-row fusion-row fusion-flex-align-items-stretch fusion-flex-content-wrap\" style=\"max-width:1185.6px;margin-left: calc(-4% \/ 2 );margin-right: calc(-4% \/ 2 );\"><div class=\"fusion-layout-column fusion_builder_column fusion-builder-column-5 fusion_builder_column_1_1 1_1 fusion-flex-column\" style=\"--awb-bg-size:cover;--awb-width-large:100%;--awb-margin-top-large:0px;--awb-spacing-right-large:1.92%;--awb-margin-bottom-large:10px;--awb-spacing-left-large:1.92%;--awb-width-medium:50%;--awb-spacing-right-medium:3.84%;--awb-spacing-left-medium:3.84%;--awb-width-small:100%;--awb-spacing-right-small:1.92%;--awb-spacing-left-small:1.92%;\"><div class=\"fusion-column-wrapper fusion-flex-justify-content-center fusion-content-layout-column\"><div class=\"fusion-title title fusion-title-3 fusion-sep-none fusion-title-center fusion-title-text fusion-title-size-four\" style=\"--awb-text-color:var(--awb-color1);--awb-margin-bottom:10px;--awb-font-size:30px;\"><h4 class=\"fusion-title-heading title-heading-center fusion-responsive-typography-calculated\" style=\"margin:0;font-size:1em;--fontSize:30;line-height:1.4;\">T\u00f3mese su tiempo para cuidarse: \u00a1se lo merece!<\/h4><\/div><\/div><\/div><\/div><\/div><\/p>\n","protected":false},"excerpt":{"rendered":"","protected":false},"author":1,"featured_media":0,"parent":0,"menu_order":0,"comment_status":"closed","ping_status":"closed","template":"100-width.php","meta":{"footnotes":""},"class_list":["post-1632","page","type-page","status-publish","hentry"],"yoast_head":"<!-- This site is optimized with the Yoast SEO plugin v27.3 - https:\/\/yoast.com\/product\/yoast-seo-wordpress\/ -->\n<title>Dien Chan - Marine Lefevre<\/title>\n<meta name=\"robots\" content=\"index, follow, max-snippet:-1, max-image-preview:large, max-video-preview:-1\" \/>\n<link rel=\"canonical\" href=\"https:\/\/marinelefevre.com\/es\/dien-chan\/\" \/>\n<meta property=\"og:locale\" content=\"es_ES\" \/>\n<meta property=\"og:type\" content=\"article\" \/>\n<meta property=\"og:title\" content=\"Dien Chan - Marine Lefevre\" \/>\n<meta property=\"og:url\" content=\"https:\/\/marinelefevre.com\/es\/dien-chan\/\" \/>\n<meta property=\"og:site_name\" content=\"Marine Lefevre\" \/>\n<meta property=\"article:modified_time\" content=\"2024-03-21T08:41:45+00:00\" \/>\n<meta name=\"twitter:card\" content=\"summary_large_image\" \/>\n<meta name=\"twitter:label1\" content=\"Tiempo de lectura\" \/>\n\t<meta name=\"twitter:data1\" content=\"28 minutos\" \/>\n<script type=\"application\/ld+json\" class=\"yoast-schema-graph\">{\"@context\":\"https:\\\/\\\/schema.org\",\"@graph\":[{\"@type\":\"WebPage\",\"@id\":\"https:\\\/\\\/marinelefevre.com\\\/es\\\/dien-chan\\\/\",\"url\":\"https:\\\/\\\/marinelefevre.com\\\/es\\\/dien-chan\\\/\",\"name\":\"Dien Chan - Marine Lefevre\",\"isPartOf\":{\"@id\":\"https:\\\/\\\/marinelefevre.com\\\/es\\\/#website\"},\"datePublished\":\"2024-01-12T10:56:02+00:00\",\"dateModified\":\"2024-03-21T08:41:45+00:00\",\"breadcrumb\":{\"@id\":\"https:\\\/\\\/marinelefevre.com\\\/es\\\/dien-chan\\\/#breadcrumb\"},\"inLanguage\":\"es\",\"potentialAction\":[{\"@type\":\"ReadAction\",\"target\":[\"https:\\\/\\\/marinelefevre.com\\\/es\\\/dien-chan\\\/\"]}]},{\"@type\":\"BreadcrumbList\",\"@id\":\"https:\\\/\\\/marinelefevre.com\\\/es\\\/dien-chan\\\/#breadcrumb\",\"itemListElement\":[{\"@type\":\"ListItem\",\"position\":1,\"name\":\"Accueil\",\"item\":\"https:\\\/\\\/marinelefevre.com\\\/es\\\/\"},{\"@type\":\"ListItem\",\"position\":2,\"name\":\"Dien Chan\"}]},{\"@type\":\"WebSite\",\"@id\":\"https:\\\/\\\/marinelefevre.com\\\/es\\\/#website\",\"url\":\"https:\\\/\\\/marinelefevre.com\\\/es\\\/\",\"name\":\"Marine Lefevre\",\"description\":\"Sp\u00e9cialiste en drainage lymphatique lille Mad\u00e9roth\u00e9rapie\\\/Massages \u00e9n\u00e9rg\u00e9tiques\",\"potentialAction\":[{\"@type\":\"SearchAction\",\"target\":{\"@type\":\"EntryPoint\",\"urlTemplate\":\"https:\\\/\\\/marinelefevre.com\\\/es\\\/?s={search_term_string}\"},\"query-input\":{\"@type\":\"PropertyValueSpecification\",\"valueRequired\":true,\"valueName\":\"search_term_string\"}}],\"inLanguage\":\"es\"}]}<\/script>\n<!-- \/ Yoast SEO plugin. -->","yoast_head_json":{"title":"Dien Chan - Marine Lefevre","robots":{"index":"index","follow":"follow","max-snippet":"max-snippet:-1","max-image-preview":"max-image-preview:large","max-video-preview":"max-video-preview:-1"},"canonical":"https:\/\/marinelefevre.com\/es\/dien-chan\/","og_locale":"es_ES","og_type":"article","og_title":"Dien Chan - Marine Lefevre","og_url":"https:\/\/marinelefevre.com\/es\/dien-chan\/","og_site_name":"Marine Lefevre","article_modified_time":"2024-03-21T08:41:45+00:00","twitter_card":"summary_large_image","twitter_misc":{"Tiempo de lectura":"28 minutos"},"schema":{"@context":"https:\/\/schema.org","@graph":[{"@type":"WebPage","@id":"https:\/\/marinelefevre.com\/es\/dien-chan\/","url":"https:\/\/marinelefevre.com\/es\/dien-chan\/","name":"Dien Chan - Marine Lefevre","isPartOf":{"@id":"https:\/\/marinelefevre.com\/es\/#website"},"datePublished":"2024-01-12T10:56:02+00:00","dateModified":"2024-03-21T08:41:45+00:00","breadcrumb":{"@id":"https:\/\/marinelefevre.com\/es\/dien-chan\/#breadcrumb"},"inLanguage":"es","potentialAction":[{"@type":"ReadAction","target":["https:\/\/marinelefevre.com\/es\/dien-chan\/"]}]},{"@type":"BreadcrumbList","@id":"https:\/\/marinelefevre.com\/es\/dien-chan\/#breadcrumb","itemListElement":[{"@type":"ListItem","position":1,"name":"Accueil","item":"https:\/\/marinelefevre.com\/es\/"},{"@type":"ListItem","position":2,"name":"Dien Chan"}]},{"@type":"WebSite","@id":"https:\/\/marinelefevre.com\/es\/#website","url":"https:\/\/marinelefevre.com\/es\/","name":"Marine Lefevre","description":"Sp\u00e9cialiste en drainage lymphatique lille Mad\u00e9roth\u00e9rapie\/Massages \u00e9n\u00e9rg\u00e9tiques","potentialAction":[{"@type":"SearchAction","target":{"@type":"EntryPoint","urlTemplate":"https:\/\/marinelefevre.com\/es\/?s={search_term_string}"},"query-input":{"@type":"PropertyValueSpecification","valueRequired":true,"valueName":"search_term_string"}}],"inLanguage":"es"}]}},"_links":{"self":[{"href":"https:\/\/marinelefevre.com\/es\/wp-json\/wp\/v2\/pages\/1632","targetHints":{"allow":["GET"]}}],"collection":[{"href":"https:\/\/marinelefevre.com\/es\/wp-json\/wp\/v2\/pages"}],"about":[{"href":"https:\/\/marinelefevre.com\/es\/wp-json\/wp\/v2\/types\/page"}],"author":[{"embeddable":true,"href":"https:\/\/marinelefevre.com\/es\/wp-json\/wp\/v2\/users\/1"}],"replies":[{"embeddable":true,"href":"https:\/\/marinelefevre.com\/es\/wp-json\/wp\/v2\/comments?post=1632"}],"version-history":[{"count":0,"href":"https:\/\/marinelefevre.com\/es\/wp-json\/wp\/v2\/pages\/1632\/revisions"}],"wp:attachment":[{"href":"https:\/\/marinelefevre.com\/es\/wp-json\/wp\/v2\/media?parent=1632"}],"curies":[{"name":"wp","href":"https:\/\/api.w.org\/{rel}","templated":true}]}}