{"id":2287,"date":"2024-08-28T17:32:54","date_gmt":"2024-08-28T15:32:54","guid":{"rendered":"https:\/\/marinelefevre.com\/tienda\/"},"modified":"2025-12-15T16:14:21","modified_gmt":"2025-12-15T15:14:21","slug":"tienda","status":"publish","type":"page","link":"https:\/\/marinelefevre.com\/es\/tienda\/","title":{"rendered":"Tienda"},"content":{"rendered":"<p>Nuestra <strong>tienda<\/strong> es un lugar especial donde todos vienen a buscar<strong> sus productos<\/strong> en un ambiente <strong>tranquilo y agradable.<\/strong> Es un <strong>espacio \u00fanico<\/strong>, dise\u00f1ado para <strong>ofrecer una experiencia diferente<\/strong>, alejada del bullicio. Aqu\u00ed no s\u00f3lo encontrar\u00e1s lo que buscas, sino tambi\u00e9n asesoramiento personalizado y soluciones pr\u00e1cticas para poder aplicar las acciones adecuadas en casa. Un lugar donde el tiempo parece haberse detenido, dedicado a la<strong> calidad, la escucha y el bienestar de cada clientes.<\/strong><\/p>\n<p>Un espacio dedicado a productos naturales y tratamientos de calidad, seleccionados para cuidar tu cuerpo y tu piel.<br \/>\nAll\u00ed encontrar\u00e1s:<\/p>\n<p><strong>Aceites, b\u00e1lsamos y cremas sensoriales<\/strong> y de alto rendimiento<\/p>\n<p>Accesorios para el <strong>rostro y cuerpo (Gua Sha, rollers, copas faciales)<\/strong><\/p>\n<p>Cajas regalo e ideas para <strong>regalar <\/strong>o darte un capricho<\/p>\n<p>Cada producto est\u00e1 dise\u00f1ado para ampliar la experiencia del cuidado de la piel en casa, de forma suave y eficaz.<\/p>\n<h2 data-start=\"114\" data-end=\"149\"><\/h2>\n<h2 data-start=\"114\" data-end=\"149\"><strong data-start=\"120\" data-end=\"149\">Tarjeta regalo disponible<\/strong><\/h2>\n<p data-start=\"151\" data-end=\"394\"><strong data-start=\"153\" data-end=\"173\">Regala bienestar<\/strong> \u2728<br data-start=\"175\" data-end=\"178\" \/>Las <strong data-start=\"182\" data-end=\"220\">tarjetas regalo de Marine L Studio<\/strong> ya est\u00e1n disponibles.<br data-start=\"242\" data-end=\"245\" \/>Un detalle perfecto para sorprender con un momento de cuidado, belleza y relajaci\u00f3n: drenaje linf\u00e1tico, tratamientos faciales y rituales sensoriales.<\/p>\n<p data-start=\"396\" data-end=\"493\">\ud83e\uddd6\u200d\u2640\ufe0f V\u00e1lida durante 6 meses<br data-start=\"424\" data-end=\"427\" \/>\ud83c\udf80 Importe personalizable<br data-start=\"452\" data-end=\"455\" \/>\ud83d\udce9 Env\u00edo inmediato por email o en un soporte<\/p>\n<p data-start=\"495\" data-end=\"555\">\ud83d\udc49 Escr\u00edbenos por <strong data-start=\"513\" data-end=\"519\">DM<\/strong> o ven al instituto boutique<\/p>\n","protected":false},"excerpt":{"rendered":"<p>Nuestra tienda es un lugar especial donde todos vienen a<\/p>\n","protected":false},"author":1,"featured_media":0,"parent":0,"menu_order":0,"comment_status":"closed","ping_status":"closed","template":"","meta":{"footnotes":""},"class_list":["post-2287","page","type-page","status-publish","hentry"],"yoast_head":"<!-- This site is optimized with the Yoast SEO plugin v27.3 - https:\/\/yoast.com\/product\/yoast-seo-wordpress\/ -->\n<title>Tienda - Marine Lefevre<\/title>\n<meta name=\"robots\" content=\"index, follow, max-snippet:-1, max-image-preview:large, max-video-preview:-1\" \/>\n<link rel=\"canonical\" href=\"https:\/\/marinelefevre.com\/es\/tienda\/\" \/>\n<meta property=\"og:locale\" content=\"es_ES\" \/>\n<meta property=\"og:type\" content=\"article\" \/>\n<meta property=\"og:title\" content=\"Tienda - Marine Lefevre\" \/>\n<meta property=\"og:description\" content=\"Nuestra tienda es un lugar especial donde todos vienen a\" \/>\n<meta property=\"og:url\" content=\"https:\/\/marinelefevre.com\/es\/tienda\/\" \/>\n<meta property=\"og:site_name\" content=\"Marine Lefevre\" \/>\n<meta property=\"article:modified_time\" content=\"2025-12-15T15:14:21+00:00\" \/>\n<meta name=\"twitter:card\" content=\"summary_large_image\" \/>\n<meta name=\"twitter:label1\" content=\"Tiempo de lectura\" \/>\n\t<meta name=\"twitter:data1\" content=\"1 minuto\" \/>\n<script type=\"application\/ld+json\" class=\"yoast-schema-graph\">{\"@context\":\"https:\\\/\\\/schema.org\",\"@graph\":[{\"@type\":\"WebPage\",\"@id\":\"https:\\\/\\\/marinelefevre.com\\\/es\\\/tienda\\\/\",\"url\":\"https:\\\/\\\/marinelefevre.com\\\/es\\\/tienda\\\/\",\"name\":\"Tienda - Marine Lefevre\",\"isPartOf\":{\"@id\":\"https:\\\/\\\/marinelefevre.com\\\/es\\\/#website\"},\"datePublished\":\"2024-08-28T15:32:54+00:00\",\"dateModified\":\"2025-12-15T15:14:21+00:00\",\"breadcrumb\":{\"@id\":\"https:\\\/\\\/marinelefevre.com\\\/es\\\/tienda\\\/#breadcrumb\"},\"inLanguage\":\"es\",\"potentialAction\":[{\"@type\":\"ReadAction\",\"target\":[\"https:\\\/\\\/marinelefevre.com\\\/es\\\/tienda\\\/\"]}]},{\"@type\":\"BreadcrumbList\",\"@id\":\"https:\\\/\\\/marinelefevre.com\\\/es\\\/tienda\\\/#breadcrumb\",\"itemListElement\":[{\"@type\":\"ListItem\",\"position\":1,\"name\":\"Accueil\",\"item\":\"https:\\\/\\\/marinelefevre.com\\\/es\\\/\"},{\"@type\":\"ListItem\",\"position\":2,\"name\":\"Tienda\"}]},{\"@type\":\"WebSite\",\"@id\":\"https:\\\/\\\/marinelefevre.com\\\/es\\\/#website\",\"url\":\"https:\\\/\\\/marinelefevre.com\\\/es\\\/\",\"name\":\"Marine Lefevre\",\"description\":\"Sp\u00e9cialiste en drainage lymphatique lille Mad\u00e9roth\u00e9rapie\\\/Massages \u00e9n\u00e9rg\u00e9tiques\",\"potentialAction\":[{\"@type\":\"SearchAction\",\"target\":{\"@type\":\"EntryPoint\",\"urlTemplate\":\"https:\\\/\\\/marinelefevre.com\\\/es\\\/?s={search_term_string}\"},\"query-input\":{\"@type\":\"PropertyValueSpecification\",\"valueRequired\":true,\"valueName\":\"search_term_string\"}}],\"inLanguage\":\"es\"}]}<\/script>\n<!-- \/ Yoast SEO plugin. -->","yoast_head_json":{"title":"Tienda - Marine Lefevre","robots":{"index":"index","follow":"follow","max-snippet":"max-snippet:-1","max-image-preview":"max-image-preview:large","max-video-preview":"max-video-preview:-1"},"canonical":"https:\/\/marinelefevre.com\/es\/tienda\/","og_locale":"es_ES","og_type":"article","og_title":"Tienda - Marine Lefevre","og_description":"Nuestra tienda es un lugar especial donde todos vienen a","og_url":"https:\/\/marinelefevre.com\/es\/tienda\/","og_site_name":"Marine Lefevre","article_modified_time":"2025-12-15T15:14:21+00:00","twitter_card":"summary_large_image","twitter_misc":{"Tiempo de lectura":"1 minuto"},"schema":{"@context":"https:\/\/schema.org","@graph":[{"@type":"WebPage","@id":"https:\/\/marinelefevre.com\/es\/tienda\/","url":"https:\/\/marinelefevre.com\/es\/tienda\/","name":"Tienda - Marine Lefevre","isPartOf":{"@id":"https:\/\/marinelefevre.com\/es\/#website"},"datePublished":"2024-08-28T15:32:54+00:00","dateModified":"2025-12-15T15:14:21+00:00","breadcrumb":{"@id":"https:\/\/marinelefevre.com\/es\/tienda\/#breadcrumb"},"inLanguage":"es","potentialAction":[{"@type":"ReadAction","target":["https:\/\/marinelefevre.com\/es\/tienda\/"]}]},{"@type":"BreadcrumbList","@id":"https:\/\/marinelefevre.com\/es\/tienda\/#breadcrumb","itemListElement":[{"@type":"ListItem","position":1,"name":"Accueil","item":"https:\/\/marinelefevre.com\/es\/"},{"@type":"ListItem","position":2,"name":"Tienda"}]},{"@type":"WebSite","@id":"https:\/\/marinelefevre.com\/es\/#website","url":"https:\/\/marinelefevre.com\/es\/","name":"Marine Lefevre","description":"Sp\u00e9cialiste en drainage lymphatique lille Mad\u00e9roth\u00e9rapie\/Massages \u00e9n\u00e9rg\u00e9tiques","potentialAction":[{"@type":"SearchAction","target":{"@type":"EntryPoint","urlTemplate":"https:\/\/marinelefevre.com\/es\/?s={search_term_string}"},"query-input":{"@type":"PropertyValueSpecification","valueRequired":true,"valueName":"search_term_string"}}],"inLanguage":"es"}]}},"_links":{"self":[{"href":"https:\/\/marinelefevre.com\/es\/wp-json\/wp\/v2\/pages\/2287","targetHints":{"allow":["GET"]}}],"collection":[{"href":"https:\/\/marinelefevre.com\/es\/wp-json\/wp\/v2\/pages"}],"about":[{"href":"https:\/\/marinelefevre.com\/es\/wp-json\/wp\/v2\/types\/page"}],"author":[{"embeddable":true,"href":"https:\/\/marinelefevre.com\/es\/wp-json\/wp\/v2\/users\/1"}],"replies":[{"embeddable":true,"href":"https:\/\/marinelefevre.com\/es\/wp-json\/wp\/v2\/comments?post=2287"}],"version-history":[{"count":0,"href":"https:\/\/marinelefevre.com\/es\/wp-json\/wp\/v2\/pages\/2287\/revisions"}],"wp:attachment":[{"href":"https:\/\/marinelefevre.com\/es\/wp-json\/wp\/v2\/media?parent=2287"}],"curies":[{"name":"wp","href":"https:\/\/api.w.org\/{rel}","templated":true}]}}