{"id":1150,"date":"2024-01-12T11:27:03","date_gmt":"2024-01-12T10:27:03","guid":{"rendered":"https:\/\/marinelefevre.com\/?page_id=1150"},"modified":"2024-01-12T11:27:03","modified_gmt":"2024-01-12T10:27:03","slug":"massage-californien","status":"publish","type":"page","link":"https:\/\/marinelefevre.com\/fr\/massage-californien\/","title":{"rendered":"Massage Californien"},"content":{"rendered":"<p><div class=\"fusion-fullwidth fullwidth-box fusion-builder-row-1 fusion-flex-container has-pattern-background has-mask-background hundred-percent-fullwidth non-hundred-percent-height-scrolling\" style=\"--awb-background-position:left top;--awb-border-sizes-top:0px;--awb-border-sizes-bottom:0px;--awb-border-sizes-left:0px;--awb-border-sizes-right:0px;--awb-border-radius-top-left:0px;--awb-border-radius-top-right:0px;--awb-border-radius-bottom-right:0px;--awb-border-radius-bottom-left:0px;--awb-padding-top:0px;--awb-padding-right:0px;--awb-padding-bottom:0px;--awb-padding-left:0px;--awb-flex-wrap:nowrap;\" ><div class=\"fusion-builder-row fusion-row fusion-flex-align-items-stretch fusion-flex-content-wrap\" style=\"width:calc( 100% + 0px ) !important;max-width:calc( 100% + 0px ) !important;margin-left: calc(-0px \/ 2 );margin-right: calc(-0px \/ 2 );\"><div class=\"fusion-layout-column fusion_builder_column fusion-builder-column-0 fusion_builder_column_1_2 1_2 fusion-flex-column\" style=\"--awb-padding-top:80px;--awb-padding-right:10%;--awb-padding-bottom:70px;--awb-padding-left:10%;--awb-bg-size:cover;--awb-width-large:50%;--awb-margin-top-large:0px;--awb-spacing-right-large:0px;--awb-margin-bottom-large:0px;--awb-spacing-left-large:0px;--awb-width-medium:60%;--awb-spacing-right-medium:0px;--awb-spacing-left-medium:0px;--awb-width-small:100%;--awb-spacing-right-small:0px;--awb-spacing-left-small:0px;\"><div class=\"fusion-column-wrapper fusion-flex-justify-content-flex-start fusion-content-layout-column\"><div class=\"fusion-title title fusion-title-1 fusion-sep-none fusion-title-text fusion-title-size-one\" style=\"--awb-text-color:var(--awb-color6);--awb-margin-bottom:10px;--awb-font-size:35px;\"><h1 class=\"fusion-title-heading title-heading-left fusion-responsive-typography-calculated\" style=\"margin:0;font-size:1em;--fontSize:35;line-height:var(--awb-typography1-line-height);\">Massage Californien<\/h1><\/div><div class=\"fusion-separator fusion-has-icon fusion-full-width-sep\" style=\"align-self: flex-start;margin-right:auto;margin-top:1%;margin-bottom:1%;width:100%;max-width:100%;\"><div class=\"fusion-separator-border sep-single sep-solid\" style=\"--awb-height:20px;--awb-amount:20px;--awb-sep-color:var(--awb-color5);border-color:var(--awb-color5);border-top-width:1px;\"><\/div><span class=\"icon-wrapper\" style=\"border-color:var(--awb-color5);background-color:rgba(255,255,255,0);font-size:15px;width: 1.75em; height: 1.75em;border-width:1px;padding:1px;margin-top:-0.5px\"><i class=\"fa-angle-down fas\" style=\"font-size: inherit;color:var(--awb-color5);\" aria-hidden=\"true\"><\/i><\/span><div class=\"fusion-separator-border sep-single sep-solid\" style=\"--awb-height:20px;--awb-amount:20px;--awb-sep-color:var(--awb-color5);border-color:var(--awb-color5);border-top-width:1px;\"><\/div><\/div><div class=\"fusion-text fusion-text-1\"><p>Le\u00a0<strong>massage californien<\/strong>\u00a0se d\u00e9roule en douceur avec des effleurages, des caresses. Moment de\u00a0<strong>relaxation intense<\/strong>\u00a0pour effacer\u00a0<strong>tensions physiques et mentales.<\/strong><\/p>\n<p>Au fur et \u00e0 mesure, les mouvements s\u2019intensifient\u2026<\/p>\n<p>Les mains encha\u00eenent alors p\u00e9trissages, \u00e9tirements de la peau et pressions plus fortes sur les zones les plus tendues. C\u2019est un\u00a0<strong>massage \u00e0 l\u2019huile<\/strong>.<\/p>\n<p>La m\u00e9thode de ce massage est tr\u00e8s douce. Seules les personnes fi\u00e9vreuses, cardiaques ou souffrant de\u00a0<strong>troubles circulatoires<\/strong>\u00a0ou d\u2019<strong>ost\u00e9oporose<\/strong>\u00a0ne sont pas conseill\u00e9es pour cette pratique.<\/p>\n<p>Le\u00a0<strong>massage californien<\/strong>\u00a0est avant tout un\u00a0<strong>massage<\/strong>\u00a0qui fait du bien, qui r\u00e9chauffe car il est enveloppant, il rassure, il alimente. Il est conseill\u00e9 en cas de\u00a0<strong>fatigue<\/strong>,\u00a0<strong>d\u00e9prime<\/strong>\u00a0et\u00a0<strong>besoin de r\u00e9confort<\/strong>.<\/p>\n<p>Ce massage procure une\u00a0<strong>relaxation intense<\/strong>, apaisante et au travers duquel la personne qui est mass\u00e9e red\u00e9couvre son corps, apprend \u00e0 l\u2019aimer et \u00e0 se reconnecter \u00e0 soi. Elle s\u2019abandonne, se rel\u00e2che jusqu\u2019\u00e0 l\u2019endormissement parfois..<\/p>\n<p>Il peut \u00eatre b\u00e9n\u00e9fique pour les personnes\u00a0<strong>dispers\u00e9es<\/strong>,\u00a0<strong>anxieuses<\/strong>,\u00a0<strong>stress\u00e9es<\/strong>\u00a0ou ayant besoin de se recentrer, en leur offrant le retour \u00e0 elles-m\u00eames, un doux moment d\u2019abandon.<\/p>\n<p>\u200b<\/p>\n<p><strong>Marine Lefevre vous propose aux alentours de Lille, Roubaix, Tourcoing \u00a0et toutes les villes alentours dans le nord, sur son cabinet de Wasquehal ce massage complet du corps d&rsquo;une dur\u00e9e de \u00a060 minutes.<\/strong><\/p>\n<\/div><\/div><\/div><div class=\"fusion-layout-column fusion_builder_column fusion-builder-column-1 fusion_builder_column_1_2 1_2 fusion-flex-column fusion-animated\" style=\"--awb-bg-position:center center;--awb-bg-size:cover;--awb-width-large:50%;--awb-margin-top-large:0px;--awb-spacing-right-large:0px;--awb-margin-bottom-large:0px;--awb-spacing-left-large:0px;--awb-width-medium:40%;--awb-order-medium:0;--awb-spacing-right-medium:0px;--awb-spacing-left-medium:0px;--awb-width-small:100%;--awb-order-small:0;--awb-spacing-right-small:0px;--awb-spacing-left-small:0px;\" data-animationType=\"fadeInLeft\" data-animationDuration=\"0.6\" data-animationOffset=\"top-into-view\" data-scroll-devices=\"small-visibility,medium-visibility,large-visibility\"><div class=\"fusion-column-wrapper lazyload fusion-column-has-shadow fusion-flex-justify-content-flex-start fusion-content-layout-column fusion-empty-column-bg-image fusion-column-has-bg-image\" data-bg-url=\"http:\/\/hector-conseil.com\/wp-content\/uploads\/2024\/01\/WhatsApp-Image-2024-01-01-a-22.53.17_e44d96bb-200x300.jpg\" data-bg=\"http:\/\/hector-conseil.com\/wp-content\/uploads\/2024\/01\/WhatsApp-Image-2024-01-01-a-22.53.17_e44d96bb-200x300.jpg\"><img decoding=\"async\" class=\"fusion-empty-dims-img-placeholder fusion-no-large-visibility fusion-no-medium-visibility\" src=\"data:image\/gif;base64,R0lGODlhAQABAAAAACH5BAEKAAEALAAAAAABAAEAAAICTAEAOw==\"><\/div><\/div><\/div><\/div><div class=\"fusion-bg-parallax\" data-bg-align=\"left top\" data-direction=\"up\" data-mute=\"false\" data-opacity=\"100\" data-velocity=\"-0.2\" data-mobile-enabled=\"false\" data-break_parents=\"0\" data-bg-image=\"http:\/\/hector-conseil.com\/wp-content\/uploads\/2018\/06\/ptb_cta-new.jpg\" data-bg-repeat=\"false\" data-bg-color=\"var(--awb-color7)\" ><\/div><div class=\"fusion-fullwidth fullwidth-box fusion-builder-row-2 fusion-flex-container fusion-parallax-up nonhundred-percent-fullwidth non-hundred-percent-height-scrolling lazyload\" style=\"--awb-background-position:left top;--awb-border-sizes-top:0px;--awb-border-sizes-bottom:0px;--awb-border-sizes-left:0px;--awb-border-sizes-right:0px;--awb-border-radius-top-left:0px;--awb-border-radius-top-right:0px;--awb-border-radius-bottom-right:0px;--awb-border-radius-bottom-left:0px;--awb-padding-top:100px;--awb-padding-bottom:85px;--awb-background-color:var(--awb-color7);--awb-background-size:cover;--awb-flex-wrap:wrap;\" data-bg=\"http:\/\/hector-conseil.com\/wp-content\/uploads\/2018\/06\/ptb_cta-new.jpg\" ><div class=\"fusion-builder-row fusion-row fusion-flex-align-items-stretch fusion-flex-content-wrap\" style=\"max-width:1185.6px;margin-left: calc(-4% \/ 2 );margin-right: calc(-4% \/ 2 );\"><div class=\"fusion-layout-column fusion_builder_column fusion-builder-column-2 fusion_builder_column_1_1 1_1 fusion-flex-column\" style=\"--awb-bg-size:cover;--awb-width-large:100%;--awb-margin-top-large:0px;--awb-spacing-right-large:1.92%;--awb-margin-bottom-large:10px;--awb-spacing-left-large:1.92%;--awb-width-medium:50%;--awb-spacing-right-medium:3.84%;--awb-spacing-left-medium:3.84%;--awb-width-small:100%;--awb-spacing-right-small:1.92%;--awb-spacing-left-small:1.92%;\"><div class=\"fusion-column-wrapper fusion-flex-justify-content-center fusion-content-layout-column\"><div class=\"fusion-title title fusion-title-2 fusion-sep-none fusion-title-center fusion-title-text fusion-title-size-four\" style=\"--awb-text-color:var(--awb-color1);--awb-margin-bottom:10px;--awb-font-size:30px;\"><h4 class=\"fusion-title-heading title-heading-center fusion-responsive-typography-calculated\" style=\"margin:0;font-size:1em;--fontSize:30;line-height:1.4;\">Prenez le temps de prendre soin de vous, vous le m\u00e9ritez !<\/h4><\/div><\/div><\/div><\/div><\/div><\/p>\n","protected":false},"excerpt":{"rendered":"","protected":false},"author":1,"featured_media":0,"parent":0,"menu_order":0,"comment_status":"closed","ping_status":"closed","template":"100-width.php","meta":{"footnotes":""},"class_list":["post-1150","page","type-page","status-publish","hentry"],"yoast_head":"<!-- This site is optimized with the Yoast SEO plugin v27.3 - https:\/\/yoast.com\/product\/yoast-seo-wordpress\/ -->\n<title>Massage Californien - Marine Lefevre<\/title>\n<meta name=\"robots\" content=\"index, follow, max-snippet:-1, max-image-preview:large, max-video-preview:-1\" \/>\n<link rel=\"canonical\" href=\"https:\/\/marinelefevre.com\/fr\/massage-californien\/\" \/>\n<meta property=\"og:locale\" content=\"fr_FR\" \/>\n<meta property=\"og:type\" content=\"article\" \/>\n<meta property=\"og:title\" content=\"Massage Californien - Marine Lefevre\" \/>\n<meta property=\"og:url\" content=\"https:\/\/marinelefevre.com\/fr\/massage-californien\/\" \/>\n<meta property=\"og:site_name\" content=\"Marine Lefevre\" \/>\n<meta name=\"twitter:card\" content=\"summary_large_image\" \/>\n<meta name=\"twitter:label1\" content=\"Dur\u00e9e de lecture estim\u00e9e\" \/>\n\t<meta name=\"twitter:data1\" content=\"3 minutes\" \/>\n<script type=\"application\/ld+json\" class=\"yoast-schema-graph\">{\"@context\":\"https:\\\/\\\/schema.org\",\"@graph\":[{\"@type\":\"WebPage\",\"@id\":\"https:\\\/\\\/marinelefevre.com\\\/fr\\\/massage-californien\\\/\",\"url\":\"https:\\\/\\\/marinelefevre.com\\\/fr\\\/massage-californien\\\/\",\"name\":\"Massage Californien - Marine Lefevre\",\"isPartOf\":{\"@id\":\"https:\\\/\\\/marinelefevre.com\\\/fr\\\/#website\"},\"datePublished\":\"2024-01-12T10:27:03+00:00\",\"breadcrumb\":{\"@id\":\"https:\\\/\\\/marinelefevre.com\\\/fr\\\/massage-californien\\\/#breadcrumb\"},\"inLanguage\":\"fr-FR\",\"potentialAction\":[{\"@type\":\"ReadAction\",\"target\":[\"https:\\\/\\\/marinelefevre.com\\\/fr\\\/massage-californien\\\/\"]}]},{\"@type\":\"BreadcrumbList\",\"@id\":\"https:\\\/\\\/marinelefevre.com\\\/fr\\\/massage-californien\\\/#breadcrumb\",\"itemListElement\":[{\"@type\":\"ListItem\",\"position\":1,\"name\":\"Accueil\",\"item\":\"https:\\\/\\\/marinelefevre.com\\\/fr\\\/\"},{\"@type\":\"ListItem\",\"position\":2,\"name\":\"Massage Californien\"}]},{\"@type\":\"WebSite\",\"@id\":\"https:\\\/\\\/marinelefevre.com\\\/fr\\\/#website\",\"url\":\"https:\\\/\\\/marinelefevre.com\\\/fr\\\/\",\"name\":\"Marine Lefevre\",\"description\":\"Sp\u00e9cialiste en drainage lymphatique lille Mad\u00e9roth\u00e9rapie\\\/Massages \u00e9n\u00e9rg\u00e9tiques\",\"potentialAction\":[{\"@type\":\"SearchAction\",\"target\":{\"@type\":\"EntryPoint\",\"urlTemplate\":\"https:\\\/\\\/marinelefevre.com\\\/fr\\\/?s={search_term_string}\"},\"query-input\":{\"@type\":\"PropertyValueSpecification\",\"valueRequired\":true,\"valueName\":\"search_term_string\"}}],\"inLanguage\":\"fr-FR\"}]}<\/script>\n<!-- \/ Yoast SEO plugin. -->","yoast_head_json":{"title":"Massage Californien - Marine Lefevre","robots":{"index":"index","follow":"follow","max-snippet":"max-snippet:-1","max-image-preview":"max-image-preview:large","max-video-preview":"max-video-preview:-1"},"canonical":"https:\/\/marinelefevre.com\/fr\/massage-californien\/","og_locale":"fr_FR","og_type":"article","og_title":"Massage Californien - Marine Lefevre","og_url":"https:\/\/marinelefevre.com\/fr\/massage-californien\/","og_site_name":"Marine Lefevre","twitter_card":"summary_large_image","twitter_misc":{"Dur\u00e9e de lecture estim\u00e9e":"3 minutes"},"schema":{"@context":"https:\/\/schema.org","@graph":[{"@type":"WebPage","@id":"https:\/\/marinelefevre.com\/fr\/massage-californien\/","url":"https:\/\/marinelefevre.com\/fr\/massage-californien\/","name":"Massage Californien - Marine Lefevre","isPartOf":{"@id":"https:\/\/marinelefevre.com\/fr\/#website"},"datePublished":"2024-01-12T10:27:03+00:00","breadcrumb":{"@id":"https:\/\/marinelefevre.com\/fr\/massage-californien\/#breadcrumb"},"inLanguage":"fr-FR","potentialAction":[{"@type":"ReadAction","target":["https:\/\/marinelefevre.com\/fr\/massage-californien\/"]}]},{"@type":"BreadcrumbList","@id":"https:\/\/marinelefevre.com\/fr\/massage-californien\/#breadcrumb","itemListElement":[{"@type":"ListItem","position":1,"name":"Accueil","item":"https:\/\/marinelefevre.com\/fr\/"},{"@type":"ListItem","position":2,"name":"Massage Californien"}]},{"@type":"WebSite","@id":"https:\/\/marinelefevre.com\/fr\/#website","url":"https:\/\/marinelefevre.com\/fr\/","name":"Marine Lefevre","description":"Sp\u00e9cialiste en drainage lymphatique lille Mad\u00e9roth\u00e9rapie\/Massages \u00e9n\u00e9rg\u00e9tiques","potentialAction":[{"@type":"SearchAction","target":{"@type":"EntryPoint","urlTemplate":"https:\/\/marinelefevre.com\/fr\/?s={search_term_string}"},"query-input":{"@type":"PropertyValueSpecification","valueRequired":true,"valueName":"search_term_string"}}],"inLanguage":"fr-FR"}]}},"_links":{"self":[{"href":"https:\/\/marinelefevre.com\/fr\/wp-json\/wp\/v2\/pages\/1150","targetHints":{"allow":["GET"]}}],"collection":[{"href":"https:\/\/marinelefevre.com\/fr\/wp-json\/wp\/v2\/pages"}],"about":[{"href":"https:\/\/marinelefevre.com\/fr\/wp-json\/wp\/v2\/types\/page"}],"author":[{"embeddable":true,"href":"https:\/\/marinelefevre.com\/fr\/wp-json\/wp\/v2\/users\/1"}],"replies":[{"embeddable":true,"href":"https:\/\/marinelefevre.com\/fr\/wp-json\/wp\/v2\/comments?post=1150"}],"version-history":[{"count":0,"href":"https:\/\/marinelefevre.com\/fr\/wp-json\/wp\/v2\/pages\/1150\/revisions"}],"wp:attachment":[{"href":"https:\/\/marinelefevre.com\/fr\/wp-json\/wp\/v2\/media?parent=1150"}],"curies":[{"name":"wp","href":"https:\/\/api.w.org\/{rel}","templated":true}]}}