{"id":930,"date":"2024-01-08T18:01:16","date_gmt":"2024-01-08T17:01:16","guid":{"rendered":"http:\/\/marinelefevre.com\/?page_id=930"},"modified":"2026-01-18T20:58:39","modified_gmt":"2026-01-18T19:58:39","slug":"mes-offres","status":"publish","type":"page","link":"https:\/\/marinelefevre.com\/fr\/mes-offres\/","title":{"rendered":"Mes offres"},"content":{"rendered":"<p><div class=\"fusion-fullwidth fullwidth-box fusion-builder-row-1 fusion-flex-container has-pattern-background has-mask-background hundred-percent-fullwidth non-hundred-percent-height-scrolling\" style=\"--awb-background-position:center top;--awb-background-repeat:repeat-x;--awb-border-radius-top-left:0px;--awb-border-radius-top-right:0px;--awb-border-radius-bottom-right:0px;--awb-border-radius-bottom-left:0px;--awb-padding-top:0px;--awb-padding-right:0px;--awb-padding-bottom:0px;--awb-padding-left:0px;--awb-margin-top:0px;--awb-margin-bottom:0px;--awb-background-color:var(--awb-color5);--awb-background-size:100%;--awb-flex-wrap:wrap;\" ><div class=\"fusion-builder-row fusion-row fusion-flex-align-items-flex-start fusion-flex-content-wrap\" style=\"width:calc( 100% + 0px ) !important;max-width:calc( 100% + 0px ) !important;margin-left: calc(-0px \/ 2 );margin-right: calc(-0px \/ 2 );\"><div class=\"fusion-layout-column fusion_builder_column fusion-builder-column-0 fusion_builder_column_1_4 1_4 fusion-flex-column fusion-flex-align-self-center\" style=\"--awb-bg-size:cover;--awb-width-large:25%;--awb-margin-top-large:0px;--awb-spacing-right-large:0px;--awb-margin-bottom-large:0px;--awb-spacing-left-large:0px;--awb-width-medium:50%;--awb-order-medium:1;--awb-spacing-right-medium:0px;--awb-spacing-left-medium:0px;--awb-width-small:100%;--awb-order-small:1;--awb-spacing-right-small:0px;--awb-spacing-left-small:0px;\" data-scroll-devices=\"medium-visibility,large-visibility\"><div class=\"fusion-column-wrapper fusion-column-has-shadow fusion-flex-justify-content-flex-start fusion-content-layout-column\"><div class=\"fusion-image-element \" style=\"--awb-aspect-ratio: 100 \/ 140;--awb-caption-title-font-family:var(--h2_typography-font-family);--awb-caption-title-font-weight:var(--h2_typography-font-weight);--awb-caption-title-font-style:var(--h2_typography-font-style);--awb-caption-title-size:var(--h2_typography-font-size);--awb-caption-title-transform:var(--h2_typography-text-transform);--awb-caption-title-line-height:var(--h2_typography-line-height);--awb-caption-title-letter-spacing:var(--h2_typography-letter-spacing);\"><span class=\" fusion-imageframe imageframe-none imageframe-1 hover-type-none has-aspect-ratio\"><img decoding=\"async\" title=\"marine_69\" src=\"data:image\/gif;base64,R0lGODlhAQABAAAAACH5BAEKAAEALAAAAAABAAEAAAICTAEAOw==\" data-orig-src=\"https:\/\/marinelefevre.com\/wp-content\/uploads\/2025\/11\/marine_69-1.jpg\" class=\"lazyload img-responsive wp-image-3034 img-with-aspect-ratio\" data-parent-fit=\"cover\" data-parent-container=\".fusion-image-element\" alt \/><\/span><\/div><\/div><\/div><div class=\"fusion-layout-column fusion_builder_column fusion-builder-column-1 fusion_builder_column_1_4 1_4 fusion-flex-column fusion-flex-align-self-stretch\" style=\"--awb-padding-top:45px;--awb-padding-right:65px;--awb-padding-bottom:45px;--awb-padding-left:65px;--awb-bg-color:var(--awb-color5);--awb-bg-color-hover:hsla(var(--awb-color7-h),var(--awb-color7-s),calc(var(--awb-color7-l) - 5%),var(--awb-color7-a));--awb-bg-size:cover;--awb-width-large:25%;--awb-margin-top-large:0px;--awb-spacing-right-large:0px;--awb-margin-bottom-large:0px;--awb-spacing-left-large:0px;--awb-width-medium:50%;--awb-order-medium:3;--awb-spacing-right-medium:0px;--awb-spacing-left-medium:0px;--awb-width-small:100%;--awb-order-small:4;--awb-spacing-right-small:0px;--awb-spacing-left-small:0px;\" data-scroll-devices=\"medium-visibility,large-visibility\"><div class=\"fusion-column-wrapper fusion-column-has-shadow fusion-flex-justify-content-center fusion-content-layout-column\"><i class=\"fb-icon-element-1 fb-icon-element fontawesome-icon awb-tattoo-icon-logo circle-no\" style=\"--awb-iconcolor:var(--awb-color4);--awb-iconcolor-hover:var(--awb-color4);--awb-font-size:64px;--awb-margin-top:0;--awb-margin-right:0;--awb-margin-bottom:0;--awb-margin-left:0;--awb-align-self:center;\"><\/i><div class=\"fusion-title title fusion-title-1 fusion-sep-none fusion-title-center fusion-title-text fusion-title-size-four\" style=\"--awb-text-color:var(--awb-color1);--awb-margin-top:35px;\"><h4 class=\"fusion-title-heading title-heading-center fusion-responsive-typography-calculated\" style=\"margin:0;--fontSize:20;--minFontSize:20;line-height:1.5;\"><p class=\"p1\">Le Chi Nei Tsang est un massage abdominal qui lib\u00e8re les blocages internes et apporte un profond apaisement.<\/p><\/h4><\/div><div class=\"fusion-text fusion-text-1 fusion-text-no-margin\" style=\"--awb-content-alignment:center;--awb-text-color:var(--awb-color3);--awb-margin-bottom:0px;\"><p class=\"p1\">Le Chi Nei Tsang est un massage abdominal qui lib\u00e8re les blocages internes et apporte un profond apaisement.<\/p>\n<p>Am\u00e9liore la digestion et le m\u00e9tabolisme, d\u00e9toxifie le corps et active la circulation, r\u00e9duit le stress et les tensions \u00e9motionnelles, favorise un ventre plus l\u00e9ger et d\u00e9tendu, harmonise l\u2019\u00e9nergie interne, pour un mieux-\u00eatre global.<\/p>\n<\/div><\/div><\/div><div class=\"fusion-layout-column fusion_builder_column fusion-builder-column-2 fusion_builder_column_1_4 1_4 fusion-flex-column fusion-flex-align-self-center\" style=\"--awb-bg-size:cover;--awb-width-large:25%;--awb-margin-top-large:0px;--awb-spacing-right-large:0px;--awb-margin-bottom-large:0px;--awb-spacing-left-large:0px;--awb-width-medium:50%;--awb-order-medium:5;--awb-spacing-right-medium:0px;--awb-spacing-left-medium:0px;--awb-width-small:100%;--awb-order-small:5;--awb-spacing-right-small:0px;--awb-spacing-left-small:0px;\" data-scroll-devices=\"small-visibility,medium-visibility,large-visibility\"><div class=\"fusion-column-wrapper fusion-column-has-shadow fusion-flex-justify-content-flex-start fusion-content-layout-column\"><div class=\"fusion-image-element \" style=\"--awb-aspect-ratio: 100 \/ 140;--awb-caption-title-font-family:var(--h2_typography-font-family);--awb-caption-title-font-weight:var(--h2_typography-font-weight);--awb-caption-title-font-style:var(--h2_typography-font-style);--awb-caption-title-size:var(--h2_typography-font-size);--awb-caption-title-transform:var(--h2_typography-text-transform);--awb-caption-title-line-height:var(--h2_typography-line-height);--awb-caption-title-letter-spacing:var(--h2_typography-letter-spacing);\"><span class=\" fusion-imageframe imageframe-none imageframe-2 hover-type-none has-aspect-ratio\"><img fetchpriority=\"high\" fetchpriority=\"high\" decoding=\"async\" width=\"1707\" height=\"2560\" title=\"marine_129\" src=\"https:\/\/marinelefevre.com\/wp-content\/uploads\/2025\/10\/marine_129-scaled.jpg\" data-orig-src=\"https:\/\/marinelefevre.com\/wp-content\/uploads\/2025\/10\/marine_129-scaled.jpg\" class=\"lazyload img-responsive wp-image-2622 img-with-aspect-ratio\" data-parent-fit=\"cover\" data-parent-container=\".fusion-image-element\" alt srcset=\"data:image\/svg+xml,%3Csvg%20xmlns%3D%27http%3A%2F%2Fwww.w3.org%2F2000%2Fsvg%27%20width%3D%271707%27%20height%3D%272560%27%20viewBox%3D%270%200%201707%202560%27%3E%3Crect%20width%3D%271707%27%20height%3D%272560%27%20fill-opacity%3D%220%22%2F%3E%3C%2Fsvg%3E\" data-srcset=\"https:\/\/marinelefevre.com\/wp-content\/uploads\/2025\/10\/marine_129-200x300.jpg 200w, https:\/\/marinelefevre.com\/wp-content\/uploads\/2025\/10\/marine_129-400x600.jpg 400w, https:\/\/marinelefevre.com\/wp-content\/uploads\/2025\/10\/marine_129-600x900.jpg 600w, https:\/\/marinelefevre.com\/wp-content\/uploads\/2025\/10\/marine_129-800x1200.jpg 800w, https:\/\/marinelefevre.com\/wp-content\/uploads\/2025\/10\/marine_129-1200x1800.jpg 1200w, https:\/\/marinelefevre.com\/wp-content\/uploads\/2025\/10\/marine_129-scaled.jpg 1707w\" data-sizes=\"auto\" data-orig-sizes=\"(max-width: 1024px) 100vw, (max-width: 640px) 100vw, 400px\" \/><\/span><\/div><\/div><\/div><div class=\"fusion-layout-column fusion_builder_column fusion-builder-column-3 fusion_builder_column_1_4 1_4 fusion-flex-column fusion-flex-align-self-stretch\" style=\"--awb-padding-top:45px;--awb-padding-right:65px;--awb-padding-bottom:45px;--awb-padding-left:65px;--awb-bg-color:var(--awb-color5);--awb-bg-color-hover:hsla(var(--awb-color5-h),var(--awb-color5-s),calc(var(--awb-color5-l) - 25%),var(--awb-color5-a));--awb-bg-size:cover;--awb-width-large:25%;--awb-margin-top-large:0px;--awb-spacing-right-large:0px;--awb-margin-bottom-large:0px;--awb-spacing-left-large:0px;--awb-width-medium:50%;--awb-order-medium:7;--awb-spacing-right-medium:0px;--awb-spacing-left-medium:0px;--awb-width-small:100%;--awb-order-small:8;--awb-spacing-right-small:0px;--awb-spacing-left-small:0px;\" data-scroll-devices=\"small-visibility,medium-visibility,large-visibility\"><div class=\"fusion-column-wrapper fusion-column-has-shadow fusion-flex-justify-content-center fusion-content-layout-column\"><i class=\"fb-icon-element-2 fb-icon-element fontawesome-icon awb-tattoo-icon-logo circle-no\" style=\"--awb-iconcolor:var(--awb-color4);--awb-iconcolor-hover:var(--awb-color4);--awb-font-size:64px;--awb-margin-top:0;--awb-margin-right:0;--awb-margin-bottom:0;--awb-margin-left:0;--awb-align-self:center;\"><\/i><div class=\"fusion-title title fusion-title-2 fusion-sep-none fusion-title-center fusion-title-text fusion-title-size-four\" style=\"--awb-text-color:var(--awb-color1);--awb-margin-top:35px;\"><h4 class=\"fusion-title-heading title-heading-center fusion-responsive-typography-calculated\" style=\"margin:0;--fontSize:20;--minFontSize:20;line-height:1.5;\">L\u2019Art du Facialisme pour une Beaut\u00e9 Naturelle Sublim\u00e9e<\/h4><\/div><div class=\"fusion-text fusion-text-2 fusion-text-no-margin\" style=\"--awb-content-alignment:center;--awb-text-color:var(--awb-color3);--awb-margin-bottom:0px;\"><p>Le facialisme est un art du soin manuel qui sculpte les traits, r\u00e9active les tissus et r\u00e9veille l\u2019\u00e9clat pour une beaut\u00e9 naturelle, visible imm\u00e9diatement. Techniques liftantes pour am\u00e9liorer la circulation, rel\u00e2cher les tensions et remodeler les contours du visage.<\/p>\n<\/div><\/div><\/div><div class=\"fusion-layout-column fusion_builder_column fusion-builder-column-4 fusion_builder_column_1_4 1_4 fusion-flex-column fusion-flex-align-self-stretch\" style=\"--awb-padding-top:45px;--awb-padding-right:65px;--awb-padding-bottom:45px;--awb-padding-left:65px;--awb-bg-color:var(--awb-color5);--awb-bg-color-hover:hsla(var(--awb-color5-h),var(--awb-color5-s),calc(var(--awb-color5-l) - 25%),var(--awb-color5-a));--awb-bg-size:cover;--awb-width-large:25%;--awb-margin-top-large:0px;--awb-spacing-right-large:0px;--awb-margin-bottom-large:0px;--awb-spacing-left-large:0px;--awb-width-medium:50%;--awb-order-medium:2;--awb-spacing-right-medium:0px;--awb-spacing-left-medium:0px;--awb-width-small:100%;--awb-order-small:2;--awb-spacing-right-small:0px;--awb-spacing-left-small:0px;\" data-scroll-devices=\"small-visibility,medium-visibility,large-visibility\"><div class=\"fusion-column-wrapper fusion-column-has-shadow fusion-flex-justify-content-center fusion-content-layout-column\"><i class=\"fb-icon-element-3 fb-icon-element fontawesome-icon awb-tattoo-icon-logo circle-no\" style=\"--awb-iconcolor:var(--awb-color4);--awb-iconcolor-hover:var(--awb-color4);--awb-font-size:64px;--awb-margin-top:0;--awb-margin-right:0;--awb-margin-bottom:0;--awb-margin-left:0;--awb-align-self:center;\"><\/i><div class=\"fusion-title title fusion-title-3 fusion-sep-none fusion-title-center fusion-title-text fusion-title-size-four\" style=\"--awb-text-color:var(--awb-color1);--awb-margin-top:35px;\"><h4 class=\"fusion-title-heading title-heading-center fusion-responsive-typography-calculated\" style=\"margin:0;--fontSize:20;--minFontSize:20;line-height:1.5;\">R\u00e9cup\u00e9ration sportive<\/h4><\/div><div class=\"fusion-text fusion-text-3 fusion-text-no-margin\" style=\"--awb-content-alignment:center;--awb-text-color:var(--awb-color3);--awb-margin-bottom:0px;\"><p data-start=\"77\" data-end=\"297\">Apr\u00e8s l\u2019effort, offrez \u00e0 votre corps une <strong data-start=\"118\" data-end=\"143\">r\u00e9cup\u00e9ration optimale<\/strong>. Ce massage r\u00e9duit les courbatures, \u00e9limine les toxines et am\u00e9liore la circulation, pour vous aider \u00e0 <strong data-start=\"246\" data-end=\"294\">retrouver l\u00e9g\u00e8ret\u00e9, souplesse et performance<\/strong>.<\/p>\n<\/div><\/div><\/div><div class=\"fusion-layout-column fusion_builder_column fusion-builder-column-5 fusion_builder_column_1_4 1_4 fusion-flex-column fusion-flex-align-self-center\" style=\"--awb-bg-size:cover;--awb-width-large:25%;--awb-margin-top-large:0px;--awb-spacing-right-large:0px;--awb-margin-bottom-large:0px;--awb-spacing-left-large:0px;--awb-width-medium:50%;--awb-order-medium:4;--awb-spacing-right-medium:0px;--awb-spacing-left-medium:0px;--awb-width-small:100%;--awb-order-small:3;--awb-spacing-right-small:0px;--awb-spacing-left-small:0px;\"><div class=\"fusion-column-wrapper fusion-column-has-shadow fusion-flex-justify-content-flex-start fusion-content-layout-column\"><div class=\"fusion-image-element \" style=\"--awb-aspect-ratio: 100 \/ 140;--awb-object-position:27% 50%;--awb-caption-title-font-family:var(--h2_typography-font-family);--awb-caption-title-font-weight:var(--h2_typography-font-weight);--awb-caption-title-font-style:var(--h2_typography-font-style);--awb-caption-title-size:var(--h2_typography-font-size);--awb-caption-title-transform:var(--h2_typography-text-transform);--awb-caption-title-line-height:var(--h2_typography-line-height);--awb-caption-title-letter-spacing:var(--h2_typography-letter-spacing);\"><span class=\" fusion-imageframe imageframe-none imageframe-3 hover-type-none has-aspect-ratio\"><img loading=\"lazy\" decoding=\"async\" width=\"1\" height=\"1\" title=\"marine_77\" src=\"data:image\/gif;base64,R0lGODlhAQABAAAAACH5BAEKAAEALAAAAAABAAEAAAICTAEAOw==\" data-orig-src=\"https:\/\/marinelefevre.com\/wp-content\/uploads\/2025\/11\/marine_77.jpg\" class=\"lazyload img-responsive wp-image-3016 img-with-aspect-ratio\" data-parent-fit=\"cover\" data-parent-container=\".fusion-image-element\" alt \/><\/span><\/div><\/div><\/div><div class=\"fusion-layout-column fusion_builder_column fusion-builder-column-6 fusion_builder_column_1_4 1_4 fusion-flex-column fusion-flex-align-self-stretch\" style=\"--awb-padding-top:45px;--awb-padding-right:65px;--awb-padding-bottom:45px;--awb-padding-left:65px;--awb-bg-color:var(--awb-color5);--awb-bg-color-hover:hsla(var(--awb-color7-h),var(--awb-color7-s),calc(var(--awb-color7-l) - 5%),var(--awb-color7-a));--awb-bg-size:cover;--awb-width-large:25%;--awb-margin-top-large:0px;--awb-spacing-right-large:0px;--awb-margin-bottom-large:0px;--awb-spacing-left-large:0px;--awb-width-medium:50%;--awb-order-medium:6;--awb-spacing-right-medium:0px;--awb-spacing-left-medium:0px;--awb-width-small:100%;--awb-order-small:6;--awb-spacing-right-small:0px;--awb-spacing-left-small:0px;\" data-scroll-devices=\"small-visibility,medium-visibility,large-visibility\"><div class=\"fusion-column-wrapper fusion-column-has-shadow fusion-flex-justify-content-center fusion-content-layout-column\"><i class=\"fb-icon-element-4 fb-icon-element fontawesome-icon awb-tattoo-icon-logo circle-no\" style=\"--awb-iconcolor:var(--awb-color4);--awb-iconcolor-hover:var(--awb-color4);--awb-font-size:64px;--awb-margin-top:0;--awb-margin-right:0;--awb-margin-bottom:0;--awb-margin-left:0;--awb-align-self:center;\"><\/i><div class=\"fusion-title title fusion-title-4 fusion-sep-none fusion-title-center fusion-title-text fusion-title-size-four\" style=\"--awb-text-color:var(--awb-color1);--awb-margin-top:35px;\"><h4 class=\"fusion-title-heading title-heading-center fusion-responsive-typography-calculated\" style=\"margin:0;--fontSize:20;--minFontSize:20;line-height:1.5;\">Perte de poids &amp; Remodelage<\/h4><\/div><div class=\"fusion-text fusion-text-4 fusion-text-no-margin\" style=\"--awb-content-alignment:center;--awb-text-color:var(--awb-color3);--awb-margin-bottom:0px;\"><p data-start=\"166\" data-end=\"456\">Nos soins manuels cibl\u00e9s et techniques de drainage aident \u00e0 <strong data-start=\"226\" data-end=\"300\">r\u00e9duire la r\u00e9tention d\u2019eau, lisser la peau et redessiner la silhouette<\/strong>.<br data-start=\"301\" data-end=\"304\" \/>Ils stimulent la circulation, activent le m\u00e9tabolisme et favorisent un <strong data-start=\"375\" data-end=\"409\">corps plus l\u00e9ger et harmonieux<\/strong>, tout en apportant <strong data-start=\"429\" data-end=\"453\">bien-\u00eatre et d\u00e9tente<\/strong>.<\/p>\n<\/div><\/div><\/div><div class=\"fusion-layout-column fusion_builder_column fusion-builder-column-7 fusion_builder_column_1_4 1_4 fusion-flex-column fusion-flex-align-self-center\" style=\"--awb-bg-size:cover;--awb-width-large:25%;--awb-margin-top-large:0px;--awb-spacing-right-large:0px;--awb-margin-bottom-large:0px;--awb-spacing-left-large:0px;--awb-width-medium:50%;--awb-order-medium:8;--awb-spacing-right-medium:0px;--awb-spacing-left-medium:0px;--awb-width-small:100%;--awb-order-small:7;--awb-spacing-right-small:0px;--awb-spacing-left-small:0px;\"><div class=\"fusion-column-wrapper fusion-column-has-shadow fusion-flex-justify-content-flex-start fusion-content-layout-column\"><div class=\"fusion-image-element \" style=\"--awb-aspect-ratio: 100 \/ 140;--awb-object-position:35% 49%;--awb-caption-title-font-family:var(--h2_typography-font-family);--awb-caption-title-font-weight:var(--h2_typography-font-weight);--awb-caption-title-font-style:var(--h2_typography-font-style);--awb-caption-title-size:var(--h2_typography-font-size);--awb-caption-title-transform:var(--h2_typography-text-transform);--awb-caption-title-line-height:var(--h2_typography-line-height);--awb-caption-title-letter-spacing:var(--h2_typography-letter-spacing);\"><span class=\" fusion-imageframe imageframe-none imageframe-4 hover-type-none has-aspect-ratio\"><img loading=\"lazy\" decoding=\"async\" width=\"300\" height=\"200\" title=\"CD__4031\" src=\"https:\/\/marinelefevre.com\/wp-content\/uploads\/2025\/11\/CD__4031-scaled.jpg\" data-orig-src=\"https:\/\/marinelefevre.com\/wp-content\/uploads\/2025\/11\/CD__4031-300x200.jpg\" class=\"lazyload img-responsive wp-image-3082 img-with-aspect-ratio\" data-parent-fit=\"cover\" data-parent-container=\".fusion-image-element\" alt srcset=\"data:image\/svg+xml,%3Csvg%20xmlns%3D%27http%3A%2F%2Fwww.w3.org%2F2000%2Fsvg%27%20width%3D%272560%27%20height%3D%271707%27%20viewBox%3D%270%200%202560%201707%27%3E%3Crect%20width%3D%272560%27%20height%3D%271707%27%20fill-opacity%3D%220%22%2F%3E%3C%2Fsvg%3E\" data-srcset=\"https:\/\/marinelefevre.com\/wp-content\/uploads\/2025\/11\/CD__4031-200x133.jpg 200w, https:\/\/marinelefevre.com\/wp-content\/uploads\/2025\/11\/CD__4031-400x267.jpg 400w, https:\/\/marinelefevre.com\/wp-content\/uploads\/2025\/11\/CD__4031-600x400.jpg 600w, https:\/\/marinelefevre.com\/wp-content\/uploads\/2025\/11\/CD__4031-800x533.jpg 800w, https:\/\/marinelefevre.com\/wp-content\/uploads\/2025\/11\/CD__4031-1200x800.jpg 1200w\" data-sizes=\"auto\" data-orig-sizes=\"(max-width: 1024px) 100vw, (max-width: 640px) 100vw, 400px\" \/><\/span><\/div><\/div><\/div><\/div><\/div><div class=\"fusion-fullwidth fullwidth-box fusion-builder-row-2 fusion-flex-container has-pattern-background has-mask-background nonhundred-percent-fullwidth non-hundred-percent-height-scrolling\" style=\"--awb-border-radius-top-left:0px;--awb-border-radius-top-right:0px;--awb-border-radius-bottom-right:0px;--awb-border-radius-bottom-left:0px;--awb-margin-top:10px;--awb-flex-wrap:wrap;\" ><div class=\"fusion-builder-row fusion-row fusion-flex-align-items-flex-start fusion-flex-content-wrap\" style=\"max-width:1185.6px;margin-left: calc(-4% \/ 2 );margin-right: calc(-4% \/ 2 );\"><div class=\"fusion-layout-column fusion_builder_column fusion-builder-column-8 fusion_builder_column_1_1 1_1 fusion-flex-column\" style=\"--awb-padding-top:37px;--awb-bg-size:cover;--awb-width-large:100%;--awb-margin-top-large:0px;--awb-spacing-right-large:1.92%;--awb-margin-bottom-large:0px;--awb-spacing-left-large:1.92%;--awb-width-medium:100%;--awb-order-medium:0;--awb-spacing-right-medium:1.92%;--awb-spacing-left-medium:1.92%;--awb-width-small:100%;--awb-order-small:0;--awb-spacing-right-small:1.92%;--awb-spacing-left-small:1.92%;\"><div class=\"fusion-column-wrapper fusion-column-has-shadow fusion-flex-justify-content-flex-start fusion-content-layout-column\"><div class=\"fusion-text fusion-text-5\"><p><iframe style=\"background-color: white; margin-bottom: 0;\" src=\"https:\/\/widget.treatwell.es\/establecimiento\/marine-lefevre-facial-lymphatic\/\" width=\"100%\" height=\"1300px\" frameborder=\"0\" scrolling=\"auto\"><\/iframe><\/p>\n<\/div><\/div><\/div><\/div><\/div><\/p>\n","protected":false},"excerpt":{"rendered":"","protected":false},"author":1,"featured_media":0,"parent":0,"menu_order":0,"comment_status":"closed","ping_status":"closed","template":"100-width.php","meta":{"footnotes":""},"class_list":["post-930","page","type-page","status-publish","hentry"],"yoast_head":"<!-- This site is optimized with the Yoast SEO plugin v27.3 - https:\/\/yoast.com\/product\/yoast-seo-wordpress\/ -->\n<title>Mes offres - Marine Lefevre<\/title>\n<meta name=\"robots\" content=\"index, follow, max-snippet:-1, max-image-preview:large, max-video-preview:-1\" \/>\n<link rel=\"canonical\" href=\"https:\/\/marinelefevre.com\/fr\/mes-offres\/\" \/>\n<meta property=\"og:locale\" content=\"fr_FR\" \/>\n<meta property=\"og:type\" content=\"article\" \/>\n<meta property=\"og:title\" content=\"Mes offres - Marine Lefevre\" \/>\n<meta property=\"og:url\" content=\"https:\/\/marinelefevre.com\/fr\/mes-offres\/\" \/>\n<meta property=\"og:site_name\" content=\"Marine Lefevre\" \/>\n<meta property=\"article:modified_time\" content=\"2026-01-18T19:58:39+00:00\" \/>\n<meta name=\"twitter:card\" content=\"summary_large_image\" \/>\n<meta name=\"twitter:label1\" content=\"Dur\u00e9e de lecture estim\u00e9e\" \/>\n\t<meta name=\"twitter:data1\" content=\"10 minutes\" \/>\n<script type=\"application\/ld+json\" class=\"yoast-schema-graph\">{\"@context\":\"https:\\\/\\\/schema.org\",\"@graph\":[{\"@type\":\"WebPage\",\"@id\":\"https:\\\/\\\/marinelefevre.com\\\/fr\\\/mes-offres\\\/\",\"url\":\"https:\\\/\\\/marinelefevre.com\\\/fr\\\/mes-offres\\\/\",\"name\":\"Mes offres - Marine Lefevre\",\"isPartOf\":{\"@id\":\"https:\\\/\\\/marinelefevre.com\\\/fr\\\/#website\"},\"datePublished\":\"2024-01-08T17:01:16+00:00\",\"dateModified\":\"2026-01-18T19:58:39+00:00\",\"breadcrumb\":{\"@id\":\"https:\\\/\\\/marinelefevre.com\\\/fr\\\/mes-offres\\\/#breadcrumb\"},\"inLanguage\":\"fr-FR\",\"potentialAction\":[{\"@type\":\"ReadAction\",\"target\":[\"https:\\\/\\\/marinelefevre.com\\\/fr\\\/mes-offres\\\/\"]}]},{\"@type\":\"BreadcrumbList\",\"@id\":\"https:\\\/\\\/marinelefevre.com\\\/fr\\\/mes-offres\\\/#breadcrumb\",\"itemListElement\":[{\"@type\":\"ListItem\",\"position\":1,\"name\":\"Accueil\",\"item\":\"https:\\\/\\\/marinelefevre.com\\\/fr\\\/\"},{\"@type\":\"ListItem\",\"position\":2,\"name\":\"Mes offres\"}]},{\"@type\":\"WebSite\",\"@id\":\"https:\\\/\\\/marinelefevre.com\\\/fr\\\/#website\",\"url\":\"https:\\\/\\\/marinelefevre.com\\\/fr\\\/\",\"name\":\"Marine Lefevre\",\"description\":\"Sp\u00e9cialiste en drainage lymphatique lille Mad\u00e9roth\u00e9rapie\\\/Massages \u00e9n\u00e9rg\u00e9tiques\",\"potentialAction\":[{\"@type\":\"SearchAction\",\"target\":{\"@type\":\"EntryPoint\",\"urlTemplate\":\"https:\\\/\\\/marinelefevre.com\\\/fr\\\/?s={search_term_string}\"},\"query-input\":{\"@type\":\"PropertyValueSpecification\",\"valueRequired\":true,\"valueName\":\"search_term_string\"}}],\"inLanguage\":\"fr-FR\"}]}<\/script>\n<!-- \/ Yoast SEO plugin. -->","yoast_head_json":{"title":"Mes offres - Marine Lefevre","robots":{"index":"index","follow":"follow","max-snippet":"max-snippet:-1","max-image-preview":"max-image-preview:large","max-video-preview":"max-video-preview:-1"},"canonical":"https:\/\/marinelefevre.com\/fr\/mes-offres\/","og_locale":"fr_FR","og_type":"article","og_title":"Mes offres - Marine Lefevre","og_url":"https:\/\/marinelefevre.com\/fr\/mes-offres\/","og_site_name":"Marine Lefevre","article_modified_time":"2026-01-18T19:58:39+00:00","twitter_card":"summary_large_image","twitter_misc":{"Dur\u00e9e de lecture estim\u00e9e":"10 minutes"},"schema":{"@context":"https:\/\/schema.org","@graph":[{"@type":"WebPage","@id":"https:\/\/marinelefevre.com\/fr\/mes-offres\/","url":"https:\/\/marinelefevre.com\/fr\/mes-offres\/","name":"Mes offres - Marine Lefevre","isPartOf":{"@id":"https:\/\/marinelefevre.com\/fr\/#website"},"datePublished":"2024-01-08T17:01:16+00:00","dateModified":"2026-01-18T19:58:39+00:00","breadcrumb":{"@id":"https:\/\/marinelefevre.com\/fr\/mes-offres\/#breadcrumb"},"inLanguage":"fr-FR","potentialAction":[{"@type":"ReadAction","target":["https:\/\/marinelefevre.com\/fr\/mes-offres\/"]}]},{"@type":"BreadcrumbList","@id":"https:\/\/marinelefevre.com\/fr\/mes-offres\/#breadcrumb","itemListElement":[{"@type":"ListItem","position":1,"name":"Accueil","item":"https:\/\/marinelefevre.com\/fr\/"},{"@type":"ListItem","position":2,"name":"Mes offres"}]},{"@type":"WebSite","@id":"https:\/\/marinelefevre.com\/fr\/#website","url":"https:\/\/marinelefevre.com\/fr\/","name":"Marine Lefevre","description":"Sp\u00e9cialiste en drainage lymphatique lille Mad\u00e9roth\u00e9rapie\/Massages \u00e9n\u00e9rg\u00e9tiques","potentialAction":[{"@type":"SearchAction","target":{"@type":"EntryPoint","urlTemplate":"https:\/\/marinelefevre.com\/fr\/?s={search_term_string}"},"query-input":{"@type":"PropertyValueSpecification","valueRequired":true,"valueName":"search_term_string"}}],"inLanguage":"fr-FR"}]}},"_links":{"self":[{"href":"https:\/\/marinelefevre.com\/fr\/wp-json\/wp\/v2\/pages\/930","targetHints":{"allow":["GET"]}}],"collection":[{"href":"https:\/\/marinelefevre.com\/fr\/wp-json\/wp\/v2\/pages"}],"about":[{"href":"https:\/\/marinelefevre.com\/fr\/wp-json\/wp\/v2\/types\/page"}],"author":[{"embeddable":true,"href":"https:\/\/marinelefevre.com\/fr\/wp-json\/wp\/v2\/users\/1"}],"replies":[{"embeddable":true,"href":"https:\/\/marinelefevre.com\/fr\/wp-json\/wp\/v2\/comments?post=930"}],"version-history":[{"count":0,"href":"https:\/\/marinelefevre.com\/fr\/wp-json\/wp\/v2\/pages\/930\/revisions"}],"wp:attachment":[{"href":"https:\/\/marinelefevre.com\/fr\/wp-json\/wp\/v2\/media?parent=930"}],"curies":[{"name":"wp","href":"https:\/\/api.w.org\/{rel}","templated":true}]}}